{"id":118,"date":"2020-05-28T07:10:40","date_gmt":"2020-05-28T05:10:40","guid":{"rendered":"http:\/\/ninzio.com\/octavian\/?page_id=118"},"modified":"2025-02-13T16:54:12","modified_gmt":"2025-02-13T19:54:12","slug":"blog","status":"publish","type":"page","link":"https:\/\/acepta.com\/pe\/blog\/","title":{"rendered":"Blog"},"content":{"rendered":"<div class=\"wpb-content-wrapper\"><p>[vc_row full_width=&#8221;stretch_row&#8221; canvas=&#8221;%5B%7B%22shape%22%3A%22shape-1%22%2C%22image_effect%22%3A%22style-1%22%2C%22smoothness%22%3A%2230%22%7D%5D&#8221; css=&#8221;.vc_custom_1694638643993{margin-top: -50px !important;padding-top: 40px !important;padding-bottom: 40px !important;background-color: #072448 !important;background-position: center !important;background-repeat: no-repeat !important;background-size: cover !important;}&#8221;][vc_column][vc_custom_heading text=&#8221;Explora el Blog Acepta: Todo lo que te ayudar\u00e1 a impulsar tu empresa&#8221; font_container=&#8221;tag:h1|font_size:26px|text_align:center|color:%23ffffff&#8221; use_theme_fonts=&#8221;yes&#8221; css=&#8221;.vc_custom_1738249903048{margin-bottom: 0px !important;}&#8221;][\/vc_column][\/vc_row][vc_row][vc_column]<div class=\"deeper-spacer clearfix\" data-config='{\"desktop\":30,\"mobile\":30,\"smobile\":30}'><\/div>[vc_column_text]<\/p>\n<p style=\"text-align: center;\">En este blog de informaci\u00f3n y noticias relacionadas a firmas electr\u00f3nicas, encontrar\u00e1s todo lo que necesitas saber sobre <a href=\"https:\/\/acepta.com\/pe\/certificado-digital\/\">certificados digitales,<\/a>\u00a0<a href=\"https:\/\/acepta.com\/pe\/productos\/firma-digital\/\">firmas digitales<\/a>, <a href=\"https:\/\/www.sunat.gob.pe\/\">SUNAT<\/a>, <a href=\"https:\/\/www.indecopi.gob.pe\/en\/indecopi\">Indecopi<\/a>, tips para emprendimientos, contadores, programadores <strong>y mucho m\u00e1s<\/strong><\/p>\n<p>[\/vc_column_text]<div class=\"deeper-spacer clearfix\" data-config='{\"desktop\":50,\"mobile\":50,\"smobile\":50}'><\/div>[\/vc_column][\/vc_row][vc_row canvas=&#8221;%5B%7B%22shape%22%3A%22shape-1%22%2C%22image_effect%22%3A%22style-1%22%2C%22smoothness%22%3A%2230%22%7D%5D&#8221;][vc_column width=&#8221;2\/3&#8243;]<h2 class=\"deeper-text align-left \" style=\"font-size:23px;\" ><span>Destacado<\/span>\n<\/h2>[vc_basic_grid post_type=&#8221;post&#8221; max_items=&#8221;1&#8243; style=&#8221;pagination&#8221; items_per_page=&#8221;1&#8243; element_width=&#8221;12&#8243; gap=&#8221;0&#8243; item=&#8221;4295&#8243; grid_id=&#8221;vc_gid:1738248881535-12d310e2-99ed-2&#8243; taxonomies=&#8221;80&#8243;][vc_empty_space height=&#8221;10px&#8221;][\/vc_column][vc_column width=&#8221;1\/3&#8243;][vc_widget_sidebar sidebar_id=&#8221;sidebar-blog&#8221;][\/vc_column][\/vc_row][vc_row equal_height=&#8221;yes&#8221; content_placement=&#8221;middle&#8221; canvas=&#8221;%5B%7B%22element%22%3A%22image%22%2C%22shape%22%3A%22shape-1%22%2C%22image_effect%22%3A%22style-1%22%2C%22smoothness%22%3A%2230%22%7D%5D&#8221; css=&#8221;.vc_custom_1692232207745{padding: 30px !important;background-color: #d4deec !important;border-radius: 10px !important;}&#8221;][vc_column][vc_custom_heading text=&#8221;Promoci\u00f3n del mes&#8221; font_container=&#8221;tag:h2|font_size:18px|text_align:center|color:%23212529&#8243; use_theme_fonts=&#8221;yes&#8221;]<div class=\"deeper-text align-center \" style=\"font-size:32px;line-height:42px;\" ><span>Compra aqu\u00ed un certificado digital para facturar de 3 a\u00f1os al precio de 2 a\u00f1os<\/span>\n<\/div><div class=\"deeper-spacer clearfix\" data-config='{\"desktop\":30,\"mobile\":30,\"smobile\":30}'><\/div>[vc_row_inner][vc_column_inner width=&#8221;1\/3&#8243;][\/vc_column_inner][vc_column_inner width=&#8221;1\/3&#8243;]<div class=\"url-wrap  align-center\" >\n\t\t\t\t\t\t<a class=\"deeper-button custom medium btn-1055553024\" style=\"\" href=https:\/\/acepta.com\/pe\/certificado-digital\/ title=&quot;Certificadodigital&quot; data-config='{\"color\":\"#ffffff\",\"bg\":\"#6236ff\",\"padding\":\"15px\",\"colorHover\":\"#ffffff\"}'>Lo quiero<span class=\"hover-effect\"><\/span><\/a>\n\t\t\t\t\t<\/div>[\/vc_column_inner][vc_column_inner width=&#8221;1\/3&#8243;][\/vc_column_inner][\/vc_row_inner][\/vc_column][\/vc_row][vc_row][vc_column]<div class=\"deeper-spacer clearfix\" data-config='{\"desktop\":50,\"mobile\":50,\"smobile\":50}'><\/div>[vc_custom_heading text=&#8221;Otras publicaciones del blog&#8221; font_container=&#8221;tag:h2|font_size:28px|text_align:center&#8221; use_theme_fonts=&#8221;yes&#8221;][vc_basic_grid post_type=&#8221;post&#8221; max_items=&#8221;-1&#8243; style=&#8221;load-more&#8221; items_per_page=&#8221;6&#8243; show_filter=&#8221;yes&#8221; filter_style=&#8221;bordered&#8221; item=&#8221;3875&#8243; btn_title=&#8221;Ver m\u00e1s&#8221; btn_style=&#8221;modern&#8221; btn_color=&#8221;violet&#8221; grid_id=&#8221;vc_gid:1738248881538-8d356d6a-3a3a-5&#8243; filter_source=&#8221;category&#8221; exclude_filter=&#8221;65, 67, 66&#8243; taxonomies=&#8221;71, 69, 70&#8243;][vc_empty_space height=&#8221;65px&#8221;][\/vc_column][\/vc_row][vc_row full_width=&#8221;stretch_row&#8221; canvas=&#8221;%5B%7B%22shape%22%3A%22shape-1%22%2C%22image_effect%22%3A%22style-1%22%2C%22smoothness%22%3A%2230%22%7D%5D&#8221; css=&#8221;.vc_custom_1694630398483{padding-top: 30px !important;background-color: #dde4ee !important;}&#8221;][vc_column width=&#8221;1\/2&#8243;][vc_single_image image=&#8221;3009&#8243; img_size=&#8221;full&#8221; alignment=&#8221;center&#8221;][\/vc_column][vc_column width=&#8221;1\/2&#8243;]<div class=\"deeper-spacer clearfix\" data-config='{\"desktop\":50,\"mobile\":50,\"smobile\":50}'><\/div><h2 class=\"deeper-text align-center \" style=\"font-size:24px;\" ><span>\u00bfNecesitas ayuda?<\/span>\n<\/h2><div class=\"deeper-text align-center \" style=\"font-size:18px;\" ><span>Recuerda que adem\u00e1s de nuestras publicaciones en el blog, puedes ingresar en nuestras centros especializados de ayuda<\/span>\n<\/div><div class=\"deeper-spacer clearfix\" data-config='{\"desktop\":20,\"mobile\":20,\"smobile\":20}'><\/div>[vc_row_inner][vc_column_inner width=&#8221;1\/2&#8243;][vc_single_image image=&#8221;3012&#8243; img_size=&#8221;full&#8221; alignment=&#8221;center&#8221; onclick=&#8221;custom_link&#8221; link=&#8221;https:\/\/acepta_peru.aivohelp.com\/&#8221; el_class=&#8221;abi-hover&#8221;]<div class=\"deeper-spacer clearfix\" data-config='{\"smobile\":25}'><\/div>[\/vc_column_inner][vc_column_inner width=&#8221;1\/2&#8243;][vc_single_image image=&#8221;3014&#8243; img_size=&#8221;full&#8221; alignment=&#8221;center&#8221; onclick=&#8221;custom_link&#8221; link=&#8221;http:\/\/acepta.com\/pe\/centro-de-ayuda\/certificado-digital\/&#8221; el_class=&#8221;abi-hover&#8221;]<div class=\"deeper-spacer clearfix\" data-config='{\"smobile\":25}'><\/div>[\/vc_column_inner][\/vc_row_inner][\/vc_column][\/vc_row]<\/p>\n<\/div>","protected":false},"excerpt":{"rendered":"<p>[vc_row full_width=&#8221;stretch_row&#8221; canvas=&#8221;%5B%7B%22shape%22%3A%22shape-1%22%2C%22image_effect%22%3A%22style-1%22%2C%22smoothness%22%3A%2230%22%7D%5D&#8221; css=&#8221;.vc_custom_1694638643993{margin-top: -50px !important;padding-top: 40px !important;padding-bottom: 40px !important;background-color: #072448 !important;background-position: center !important;background-repeat: no-repeat !important;background-size: cover !important;}&#8221;][vc_column][vc_custom_heading text=&#8221;Explora el Blog Acepta: Todo lo que te ayudar\u00e1 a impulsar tu empresa&#8221; font_container=&#8221;tag:h1|font_size:26px|text_align:center|color:%23ffffff&#8221; use_theme_fonts=&#8221;yes&#8221; css=&#8221;.vc_custom_1738249903048{margin-bottom: 0px !important;}&#8221;][\/vc_column][\/vc_row][vc_row][vc_column][vc_column_text] En este blog de informaci\u00f3n y noticias relacionadas a firmas electr\u00f3nicas, encontrar\u00e1s todo lo<\/p>\n","protected":false},"author":1,"featured_media":0,"parent":0,"menu_order":0,"comment_status":"closed","ping_status":"closed","template":"","meta":{"footnotes":""},"yoast_head":"<!-- This site is optimized with the Yoast SEO Premium plugin v22.3 (Yoast SEO v22.3) - https:\/\/yoast.com\/wordpress\/plugins\/seo\/ -->\n<title>Blog - Acepta Peru<\/title>\n<meta name=\"description\" content=\"En nuestro blog encontrar\u00e1s toda la informaci\u00f3n \u00fatil sobre firmas electr\u00f3nicas, certificados digitales y tips para empresas.\" \/>\n<meta name=\"robots\" content=\"index, follow, max-snippet:-1, max-image-preview:large, max-video-preview:-1\" \/>\n<link rel=\"canonical\" href=\"https:\/\/acepta.com\/pe\/blog\/\" \/>\n<meta property=\"og:locale\" content=\"es_ES\" \/>\n<meta property=\"og:type\" content=\"article\" \/>\n<meta property=\"og:title\" content=\"Blog\" \/>\n<meta property=\"og:description\" content=\"En nuestro blog encontrar\u00e1s toda la informaci\u00f3n \u00fatil sobre firmas electr\u00f3nicas, certificados digitales y tips para empresas.\" \/>\n<meta property=\"og:url\" content=\"https:\/\/acepta.com\/pe\/blog\/\" \/>\n<meta property=\"og:site_name\" content=\"Acepta Peru\" \/>\n<meta property=\"article:publisher\" content=\"https:\/\/www.facebook.com\/AceptaLatinoamerica\" \/>\n<meta property=\"article:modified_time\" content=\"2025-02-13T19:54:12+00:00\" \/>\n<meta name=\"twitter:card\" content=\"summary_large_image\" \/>\n<meta name=\"twitter:label1\" content=\"Tiempo de lectura\" \/>\n\t<meta name=\"twitter:data1\" content=\"2 minutos\" \/>\n<script type=\"application\/ld+json\" class=\"yoast-schema-graph\">{\"@context\":\"https:\/\/schema.org\",\"@graph\":[{\"@type\":\"WebPage\",\"@id\":\"https:\/\/acepta.com\/pe\/blog\/\",\"url\":\"https:\/\/acepta.com\/pe\/blog\/\",\"name\":\"Blog - Acepta Peru\",\"isPartOf\":{\"@id\":\"https:\/\/acepta.com\/pe\/#website\"},\"datePublished\":\"2020-05-28T05:10:40+00:00\",\"dateModified\":\"2025-02-13T19:54:12+00:00\",\"description\":\"En nuestro blog encontrar\u00e1s toda la informaci\u00f3n \u00fatil sobre firmas electr\u00f3nicas, certificados digitales y tips para empresas.\",\"breadcrumb\":{\"@id\":\"https:\/\/acepta.com\/pe\/blog\/#breadcrumb\"},\"inLanguage\":\"es\",\"potentialAction\":[{\"@type\":\"ReadAction\",\"target\":[\"https:\/\/acepta.com\/pe\/blog\/\"]}]},{\"@type\":\"BreadcrumbList\",\"@id\":\"https:\/\/acepta.com\/pe\/blog\/#breadcrumb\",\"itemListElement\":[{\"@type\":\"ListItem\",\"position\":1,\"name\":\"Portada\",\"item\":\"https:\/\/acepta.com\/pe\/\"},{\"@type\":\"ListItem\",\"position\":2,\"name\":\"Blog\"}]},{\"@type\":\"WebSite\",\"@id\":\"https:\/\/acepta.com\/pe\/#website\",\"url\":\"https:\/\/acepta.com\/pe\/\",\"name\":\"Acepta Peru\",\"description\":\"Somos proveedores de Certificados Digitales y Firmas Electr\u00f3nicas para la gesti\u00f3n tributaria y documental de tu negocio.\",\"publisher\":{\"@id\":\"https:\/\/acepta.com\/pe\/#organization\"},\"potentialAction\":[{\"@type\":\"SearchAction\",\"target\":{\"@type\":\"EntryPoint\",\"urlTemplate\":\"https:\/\/acepta.com\/pe\/?s={search_term_string}\"},\"query-input\":\"required name=search_term_string\"}],\"inLanguage\":\"es\"},{\"@type\":\"Organization\",\"@id\":\"https:\/\/acepta.com\/pe\/#organization\",\"name\":\"Acepta Per\u00fa\",\"url\":\"https:\/\/acepta.com\/pe\/\",\"logo\":{\"@type\":\"ImageObject\",\"inLanguage\":\"es\",\"@id\":\"https:\/\/acepta.com\/pe\/#\/schema\/logo\/image\/\",\"url\":\"\",\"contentUrl\":\"\",\"caption\":\"Acepta Per\u00fa\"},\"image\":{\"@id\":\"https:\/\/acepta.com\/pe\/#\/schema\/logo\/image\/\"},\"sameAs\":[\"https:\/\/www.facebook.com\/AceptaLatinoamerica\",\"https:\/\/www.instagram.com\/aceptalatinoamerica\",\"https:\/\/www.linkedin.com\/company\/acepta\/\"]}]}<\/script>\n<!-- \/ Yoast SEO Premium plugin. -->","yoast_head_json":{"title":"Blog - Acepta Peru","description":"En nuestro blog encontrar\u00e1s toda la informaci\u00f3n \u00fatil sobre firmas electr\u00f3nicas, certificados digitales y tips para empresas.","robots":{"index":"index","follow":"follow","max-snippet":"max-snippet:-1","max-image-preview":"max-image-preview:large","max-video-preview":"max-video-preview:-1"},"canonical":"https:\/\/acepta.com\/pe\/blog\/","og_locale":"es_ES","og_type":"article","og_title":"Blog","og_description":"En nuestro blog encontrar\u00e1s toda la informaci\u00f3n \u00fatil sobre firmas electr\u00f3nicas, certificados digitales y tips para empresas.","og_url":"https:\/\/acepta.com\/pe\/blog\/","og_site_name":"Acepta Peru","article_publisher":"https:\/\/www.facebook.com\/AceptaLatinoamerica","article_modified_time":"2025-02-13T19:54:12+00:00","twitter_card":"summary_large_image","twitter_misc":{"Tiempo de lectura":"2 minutos"},"schema":{"@context":"https:\/\/schema.org","@graph":[{"@type":"WebPage","@id":"https:\/\/acepta.com\/pe\/blog\/","url":"https:\/\/acepta.com\/pe\/blog\/","name":"Blog - Acepta Peru","isPartOf":{"@id":"https:\/\/acepta.com\/pe\/#website"},"datePublished":"2020-05-28T05:10:40+00:00","dateModified":"2025-02-13T19:54:12+00:00","description":"En nuestro blog encontrar\u00e1s toda la informaci\u00f3n \u00fatil sobre firmas electr\u00f3nicas, certificados digitales y tips para empresas.","breadcrumb":{"@id":"https:\/\/acepta.com\/pe\/blog\/#breadcrumb"},"inLanguage":"es","potentialAction":[{"@type":"ReadAction","target":["https:\/\/acepta.com\/pe\/blog\/"]}]},{"@type":"BreadcrumbList","@id":"https:\/\/acepta.com\/pe\/blog\/#breadcrumb","itemListElement":[{"@type":"ListItem","position":1,"name":"Portada","item":"https:\/\/acepta.com\/pe\/"},{"@type":"ListItem","position":2,"name":"Blog"}]},{"@type":"WebSite","@id":"https:\/\/acepta.com\/pe\/#website","url":"https:\/\/acepta.com\/pe\/","name":"Acepta Peru","description":"Somos proveedores de Certificados Digitales y Firmas Electr\u00f3nicas para la gesti\u00f3n tributaria y documental de tu negocio.","publisher":{"@id":"https:\/\/acepta.com\/pe\/#organization"},"potentialAction":[{"@type":"SearchAction","target":{"@type":"EntryPoint","urlTemplate":"https:\/\/acepta.com\/pe\/?s={search_term_string}"},"query-input":"required name=search_term_string"}],"inLanguage":"es"},{"@type":"Organization","@id":"https:\/\/acepta.com\/pe\/#organization","name":"Acepta Per\u00fa","url":"https:\/\/acepta.com\/pe\/","logo":{"@type":"ImageObject","inLanguage":"es","@id":"https:\/\/acepta.com\/pe\/#\/schema\/logo\/image\/","url":"","contentUrl":"","caption":"Acepta Per\u00fa"},"image":{"@id":"https:\/\/acepta.com\/pe\/#\/schema\/logo\/image\/"},"sameAs":["https:\/\/www.facebook.com\/AceptaLatinoamerica","https:\/\/www.instagram.com\/aceptalatinoamerica","https:\/\/www.linkedin.com\/company\/acepta\/"]}]}},"_links":{"self":[{"href":"https:\/\/acepta.com\/pe\/wp-json\/wp\/v2\/pages\/118"}],"collection":[{"href":"https:\/\/acepta.com\/pe\/wp-json\/wp\/v2\/pages"}],"about":[{"href":"https:\/\/acepta.com\/pe\/wp-json\/wp\/v2\/types\/page"}],"author":[{"embeddable":true,"href":"https:\/\/acepta.com\/pe\/wp-json\/wp\/v2\/users\/1"}],"replies":[{"embeddable":true,"href":"https:\/\/acepta.com\/pe\/wp-json\/wp\/v2\/comments?post=118"}],"version-history":[{"count":0,"href":"https:\/\/acepta.com\/pe\/wp-json\/wp\/v2\/pages\/118\/revisions"}],"wp:attachment":[{"href":"https:\/\/acepta.com\/pe\/wp-json\/wp\/v2\/media?parent=118"}],"curies":[{"name":"wp","href":"https:\/\/api.w.org\/{rel}","templated":true}]}}