{"id":3070,"date":"2023-08-22T01:55:16","date_gmt":"2023-08-21T23:55:16","guid":{"rendered":"http:\/\/complot.cl\/acepta\/?page_id=3070"},"modified":"2025-11-12T14:41:50","modified_gmt":"2025-11-12T17:41:50","slug":"centro-de-ayuda","status":"publish","type":"page","link":"https:\/\/acepta.com\/pe\/centro-de-ayuda\/","title":{"rendered":"Centro de ayuda"},"content":{"rendered":"<div class=\"wpb-content-wrapper\"><p>[vc_row full_width=&#8221;stretch_row&#8221; canvas=&#8221;%5B%7B%22shape%22%3A%22shape-1%22%2C%22image_effect%22%3A%22style-1%22%2C%22smoothness%22%3A%2230%22%7D%5D&#8221; css=&#8221;.vc_custom_1694638721960{margin-top: -50px !important;margin-bottom: 40px !important;padding-top: 40px !important;padding-bottom: 40px !important;background-color: #072448 !important;background-position: center !important;background-repeat: no-repeat !important;background-size: cover !important;}&#8221;][vc_column][vc_custom_heading text=&#8221;Te damos la bienvenida al centro de ayuda y soporte de Acepta&#8221; font_container=&#8221;tag:h1|font_size:26|text_align:center|color:%23ffffff&#8221; use_theme_fonts=&#8221;yes&#8221; css=&#8221;.vc_custom_1718315195437{margin-bottom: 10px !important;}&#8221;][\/vc_column][\/vc_row][vc_row][vc_column el_class=&#8221;fila-inversa&#8221;][vc_custom_heading text=&#8221;Selecciona tu producto para soporte:&#8221; font_container=&#8221;tag:div|font_size:25px|text_align:center|color:%230e2446|line_height:30px&#8221; google_fonts=&#8221;font_family:Montserrat%3Aregular%2C700|font_style:400%20regular%3A400%3Anormal&#8221;][\/vc_column][\/vc_row][vc_row equal_height=&#8221;yes&#8221; canvas=&#8221;%5B%7B%22shape%22%3A%22shape-1%22%2C%22image_effect%22%3A%22style-1%22%2C%22smoothness%22%3A%2230%22%7D%5D&#8221;][vc_column width=&#8221;1\/2&#8243; el_class=&#8221;fila-inversa&#8221; css=&#8221;.vc_custom_1718654871032{margin-top: 30px !important;margin-right: 10px !important;margin-left: 10px !important;padding-top: 20px !important;padding-right: 20px !important;padding-bottom: 20px !important;padding-left: 20px !important;background-color: #e9eef3 !important;border-radius: 5px !important;}&#8221;][vc_single_image image=&#8221;4290&#8243; alignment=&#8221;center&#8221; css=&#8221;.vc_custom_1718316038609{margin-top: 20px !important;}&#8221;][vc_custom_heading text=&#8221;Soporte certificado digital&#8221; font_container=&#8221;tag:h2|font_size:29px|text_align:center|color:%230e2446|line_height:34px&#8221; google_fonts=&#8221;font_family:Montserrat%3Aregular%2C700|font_style:700%20bold%20regular%3A700%3Anormal&#8221; css=&#8221;.vc_custom_1718315102440{margin-top: 10px !important;margin-bottom: 10px !important;}&#8221;]<div class=\"deeper-text align-left \" style=\"font-size:17px;font-weight:400;line-height:21px;color:#232f33;font-family:Montserrat;\" ><p style=\"text-align: center;\">Obt\u00e9n soporte, manuales de activaci\u00f3n, instalaci\u00f3n, videos tutoriales y mucho m\u00e1s.<\/span>\n<\/div><div class=\"deeper-spacer clearfix\" data-config='{\"desktop\":30,\"mobile\":30,\"smobile\":30}'><\/div><div class=\"url-wrap  align-center\" >\n\t\t\t\t\t\t<a class=\"deeper-button custom small btn-1592822158\" style=\"\" href=https:\/\/acepta.com\/pe\/certificado-digital-ayuda\/ title=&quot;CentrodeayudaCertificadodigital&quot; data-config='{\"color\":\"#ffffff\",\"bg\":\"#6236ff\",\"colorHover\":\"#f7f7f7\",\"bgHover\":\"#2389ca\"}'>Ver m\u00e1s<span class=\"hover-effect\"><\/span><\/a>\n\t\t\t\t\t<\/div>[\/vc_column][vc_column width=&#8221;1\/2&#8243; css=&#8221;.vc_custom_1718654879528{margin-top: 30px !important;margin-right: 10px !important;margin-left: 10px !important;padding-top: 20px !important;padding-right: 20px !important;padding-bottom: 20px !important;padding-left: 20px !important;background-color: #e9eef3 !important;border-radius: 5px !important;}&#8221;][vc_single_image image=&#8221;4293&#8243; alignment=&#8221;center&#8221; css=&#8221;.vc_custom_1718316048784{margin-top: 20px !important;}&#8221;][vc_custom_heading text=&#8221;Soporte firma digital&#8221; font_container=&#8221;tag:h2|font_size:29px|text_align:center|color:%230e2446|line_height:34px&#8221; google_fonts=&#8221;font_family:Montserrat%3Aregular%2C700|font_style:700%20bold%20regular%3A700%3Anormal&#8221; css=&#8221;.vc_custom_1718662573833{margin-top: 10px !important;margin-bottom: 10px !important;}&#8221;]<div class=\"deeper-text align-left \" style=\"font-size:17px;font-weight:400;line-height:21px;color:#232f33;font-family:Montserrat;\" ><p style=\"text-align: center;\">Encuentra manuales de instalaci\u00f3n para Windows, drivers para e-Token y mucho m\u00e1s.<\/span>\n<\/div><div class=\"deeper-spacer clearfix\" data-config='{\"desktop\":30,\"mobile\":30,\"smobile\":30}'><\/div><div class=\"url-wrap  align-center\" >\n\t\t\t\t\t\t<a class=\"deeper-button custom small btn-1043776843\" style=\"\" href=https:\/\/acepta.com\/pe\/firma-digital-ayuda\/ title=&quot;CentrodeayudaFirmadigital&quot; data-config='{\"color\":\"#ffffff\",\"bg\":\"#6236ff\",\"colorHover\":\"#f7f7f7\",\"bgHover\":\"#2389ca\"}'>Ver m\u00e1s<span class=\"hover-effect\"><\/span><\/a>\n\t\t\t\t\t<\/div>[\/vc_column][\/vc_row][vc_row gap=&#8221;15&#8243; canvas=&#8221;%5B%7B%22shape%22%3A%22shape-1%22%2C%22image_effect%22%3A%22style-1%22%2C%22smoothness%22%3A%2230%22%7D%5D&#8221; css=&#8221;.vc_custom_1718315290551{margin-top: 30px !important;}&#8221;][vc_column width=&#8221;2\/3&#8243;][vc_row_inner][vc_column_inner css=&#8221;.vc_custom_1718315550734{padding-top: 25px !important;padding-right: 25px !important;padding-bottom: 25px !important;padding-left: 25px !important;border-radius: 10px !important;}&#8221;][vc_custom_heading text=&#8221;\u00bfNecesitas ayuda de expertos?&#8221; font_container=&#8221;tag:h2|font_size:23px|text_align:left|line_height:25px&#8221; use_theme_fonts=&#8221;yes&#8221; css=&#8221;.vc_custom_1718315584988{margin-bottom: 10px !important;padding-top: 10px !important;padding-bottom: 0px !important;}&#8221;][vc_column_text css=&#8221;.vc_custom_1762969307491{margin-bottom: 30px !important;}&#8221;]Si necesitas ayuda puedes:<\/p>\n<ol>\n<li>Revisar nuestros <strong>tutoriales<\/strong> en la p\u00e1gina de soporte del producto que adquiriste.<\/li>\n<li>Contactar a un ejecutivo en el <strong>chat de soporte<\/strong> para resolver tus dudas de forma r\u00e1pida y sencilla.<\/li>\n<li>Crear un ticket en el <strong>portal de soporte<\/strong> para resolver incidencias de <strong>activaci\u00f3n y descarga<\/strong>. Solo tienes que iniciar sesi\u00f3n o registrarte.<\/li>\n<\/ol>\n<p>[\/vc_column_text]<div class=\"url-wrap  align-left\" >\n\t\t\t\t\t\t<a class=\"deeper-button custom small btn-912256031\" style=\"\" href=https:\/\/support.sovos.com\/ title=&quot;Iralportaldesoporte&quot; data-config='{\"color\":\"#ffffff\",\"bg\":\"#6236ff\",\"colorHover\":\"#f7f7f7\",\"bgHover\":\"#2389ca\"}'>Ir al portal de soporte<span class=\"hover-effect\"><\/span><\/a>\n\t\t\t\t\t<\/div>[\/vc_column_inner][\/vc_row_inner][\/vc_column][vc_column width=&#8221;1\/3&#8243;][vc_custom_heading text=&#8221;Otras preguntas&#8221; font_container=&#8221;tag:h3|font_size:22px|text_align:center|color:%230e2446|line_height:30px&#8221; google_fonts=&#8221;font_family:Montserrat%3Aregular%2C700|font_style:700%20bold%20regular%3A700%3Anormal&#8221; css=&#8221;.vc_custom_1718315439351{margin-bottom: 30px !important;}&#8221;]<div class=\"url-wrap  align-center\" >\n\t\t\t\t\t\t<a class=\"deeper-button custom medium btn-1780703723\" style=\"\" href=https:\/\/acepta.com\/pe\/blog\/2023\/09\/08\/como-revocar-tu-certificado-digital\/ target=_blank title=&quot;Cmorevocarunafirmaelectrnica&quot; data-config='{\"color\":\"#6236ff\",\"bg\":\"#ffffff\",\"padding\":\"15px 55px\",\"margin\":\"0px 0px 20px 0px\",\"border\":\"2px solid #6236ff\",\"colorHover\":\"#f7f7f7\"}'>\u00bfC\u00f3mo revocar?<span class=\"hover-effect\"><\/span><\/a>\n\t\t\t\t\t<\/div><div class=\"url-wrap  align-center\" >\n\t\t\t\t\t\t<a class=\"deeper-button custom medium btn-2074586573\" style=\"\" href=https:\/\/servicios.dec.cl\/oauth2\/v2\/auth\/login?next=%2Foauth2%2Fv2%2Fauth%2Fauthorize%3Fclient_id%3DwYuy0y0uTiq37kxWy0RjTuK7%26redirect_uri%3Dhttps%253A%252F%252Fservicios.acepta.com%252Fms%252Fautorizalatam%252Fcallback_idd%26response_type%3Dcode%26scope%3Duser_info%26state%3D908 target=_blank data-config='{\"color\":\"#6236ff\",\"bg\":\"#ffffff\",\"padding\":\"15px 55px\",\"margin\":\"0px 0px 20px 0px\",\"border\":\"2px solid #6236ff\",\"colorHover\":\"#f7f7f7\"}'>Ir a mis productos<span class=\"hover-effect\"><\/span><\/a>\n\t\t\t\t\t<\/div><div class=\"url-wrap  align-center\" >\n\t\t\t\t\t\t<a class=\"deeper-button custom medium btn-1526476811\" style=\"\" href=https:\/\/acepta_peru.aivohelp.com\/ target=_blank data-config='{\"color\":\"#6236ff\",\"bg\":\"#ffffff\",\"padding\":\"15px 55px\",\"border\":\"2px solid #6236ff\",\"colorHover\":\"#f7f7f7\"}'>Preguntas frecuentes<span class=\"hover-effect\"><\/span><\/a>\n\t\t\t\t\t<\/div>[\/vc_column][\/vc_row][vc_row canvas=&#8221;%5B%7B%22shape%22%3A%22shape-1%22%2C%22image_effect%22%3A%22style-1%22%2C%22smoothness%22%3A%2230%22%7D%5D&#8221;][vc_column][vc_custom_heading text=&#8221;Encuentra informaci\u00f3n adicional&#8221; font_container=&#8221;tag:h2|font_size:28px|text_align:center&#8221; use_theme_fonts=&#8221;yes&#8221; css=&#8221;.vc_custom_1718317033224{margin-top: 50px !important;margin-bottom: 10px !important;}&#8221;][vc_column_text]<\/p>\n<p style=\"text-align: center;\">O puedes <a href=\"https:\/\/acepta.com\/pe\/blog\/\">visitar nuestro blog<\/a> y obtener m\u00e1s temas de inter\u00e9s.<\/p>\n<p>[\/vc_column_text]<div class=\"deeper-spacer clearfix\" data-config='{\"desktop\":30,\"mobile\":30,\"smobile\":30}'><\/div>[vc_basic_grid post_type=&#8221;post&#8221; max_items=&#8221;-1&#8243; style=&#8221;load-more&#8221; items_per_page=&#8221;6&#8243; item=&#8221;3875&#8243; btn_title=&#8221;Ver m\u00e1s&#8221; btn_style=&#8221;modern&#8221; btn_color=&#8221;violet&#8221; grid_id=&#8221;vc_gid:1762969290475-00a552c7-de82-7&#8243; taxonomies=&#8221;71, 66, 67&#8243;][vc_empty_space height=&#8221;65px&#8221;][\/vc_column][\/vc_row]<\/p>\n<\/div>","protected":false},"excerpt":{"rendered":"<p>[vc_row full_width=&#8221;stretch_row&#8221; canvas=&#8221;%5B%7B%22shape%22%3A%22shape-1%22%2C%22image_effect%22%3A%22style-1%22%2C%22smoothness%22%3A%2230%22%7D%5D&#8221; css=&#8221;.vc_custom_1694638721960{margin-top: -50px !important;margin-bottom: 40px !important;padding-top: 40px !important;padding-bottom: 40px !important;background-color: #072448 !important;background-position: center !important;background-repeat: no-repeat !important;background-size: cover !important;}&#8221;][vc_column][vc_custom_heading text=&#8221;Te damos la bienvenida al centro de ayuda y soporte de Acepta&#8221; font_container=&#8221;tag:h1|font_size:26|text_align:center|color:%23ffffff&#8221; use_theme_fonts=&#8221;yes&#8221; css=&#8221;.vc_custom_1718315195437{margin-bottom: 10px !important;}&#8221;][\/vc_column][\/vc_row][vc_row][vc_column el_class=&#8221;fila-inversa&#8221;][vc_custom_heading text=&#8221;Selecciona tu producto para soporte:&#8221; font_container=&#8221;tag:div|font_size:25px|text_align:center|color:%230e2446|line_height:30px&#8221; google_fonts=&#8221;font_family:Montserrat%3Aregular%2C700|font_style:400%20regular%3A400%3Anormal&#8221;][\/vc_column][\/vc_row][vc_row equal_height=&#8221;yes&#8221; canvas=&#8221;%5B%7B%22shape%22%3A%22shape-1%22%2C%22image_effect%22%3A%22style-1%22%2C%22smoothness%22%3A%2230%22%7D%5D&#8221;][vc_column width=&#8221;1\/2&#8243; el_class=&#8221;fila-inversa&#8221; css=&#8221;.vc_custom_1718654871032{margin-top:<\/p>\n","protected":false},"author":1,"featured_media":0,"parent":0,"menu_order":0,"comment_status":"closed","ping_status":"closed","template":"","meta":{"footnotes":""},"yoast_head":"<!-- This site is optimized with the Yoast SEO Premium plugin v22.3 (Yoast SEO v22.3) - https:\/\/yoast.com\/wordpress\/plugins\/seo\/ -->\n<title>Soporte y ayuda - Acepta Peru<\/title>\n<meta name=\"description\" content=\"Ingresa en nuestro centro de ayuda y obt\u00e9n soporte y todo lo que necesitas para certificado digital y firma digital.\" \/>\n<meta name=\"robots\" content=\"index, follow, max-snippet:-1, max-image-preview:large, max-video-preview:-1\" \/>\n<link rel=\"canonical\" href=\"https:\/\/acepta.com\/pe\/centro-de-ayuda\/\" \/>\n<meta property=\"og:locale\" content=\"es_ES\" \/>\n<meta property=\"og:type\" content=\"article\" \/>\n<meta property=\"og:title\" content=\"Centro de ayuda\" \/>\n<meta property=\"og:description\" content=\"Ingresa en nuestro centro de ayuda y obt\u00e9n soporte y todo lo que necesitas para certificado digital y firma digital.\" \/>\n<meta property=\"og:url\" content=\"https:\/\/acepta.com\/pe\/centro-de-ayuda\/\" \/>\n<meta property=\"og:site_name\" content=\"Acepta Peru\" \/>\n<meta property=\"article:publisher\" content=\"https:\/\/www.facebook.com\/AceptaLatinoamerica\" \/>\n<meta property=\"article:modified_time\" content=\"2025-11-12T17:41:50+00:00\" \/>\n<meta name=\"twitter:card\" content=\"summary_large_image\" \/>\n<meta name=\"twitter:label1\" content=\"Tiempo de lectura\" \/>\n\t<meta name=\"twitter:data1\" content=\"3 minutos\" \/>\n<script type=\"application\/ld+json\" class=\"yoast-schema-graph\">{\"@context\":\"https:\/\/schema.org\",\"@graph\":[{\"@type\":\"WebPage\",\"@id\":\"https:\/\/acepta.com\/pe\/centro-de-ayuda\/\",\"url\":\"https:\/\/acepta.com\/pe\/centro-de-ayuda\/\",\"name\":\"Soporte y ayuda - Acepta Peru\",\"isPartOf\":{\"@id\":\"https:\/\/acepta.com\/pe\/#website\"},\"datePublished\":\"2023-08-21T23:55:16+00:00\",\"dateModified\":\"2025-11-12T17:41:50+00:00\",\"description\":\"Ingresa en nuestro centro de ayuda y obt\u00e9n soporte y todo lo que necesitas para certificado digital y firma digital.\",\"breadcrumb\":{\"@id\":\"https:\/\/acepta.com\/pe\/centro-de-ayuda\/#breadcrumb\"},\"inLanguage\":\"es\",\"potentialAction\":[{\"@type\":\"ReadAction\",\"target\":[\"https:\/\/acepta.com\/pe\/centro-de-ayuda\/\"]}]},{\"@type\":\"BreadcrumbList\",\"@id\":\"https:\/\/acepta.com\/pe\/centro-de-ayuda\/#breadcrumb\",\"itemListElement\":[{\"@type\":\"ListItem\",\"position\":1,\"name\":\"Portada\",\"item\":\"https:\/\/acepta.com\/pe\/\"},{\"@type\":\"ListItem\",\"position\":2,\"name\":\"Centro de ayuda\"}]},{\"@type\":\"WebSite\",\"@id\":\"https:\/\/acepta.com\/pe\/#website\",\"url\":\"https:\/\/acepta.com\/pe\/\",\"name\":\"Acepta Peru\",\"description\":\"Somos proveedores de Certificados Digitales y Firmas Electr\u00f3nicas para la gesti\u00f3n tributaria y documental de tu negocio.\",\"publisher\":{\"@id\":\"https:\/\/acepta.com\/pe\/#organization\"},\"potentialAction\":[{\"@type\":\"SearchAction\",\"target\":{\"@type\":\"EntryPoint\",\"urlTemplate\":\"https:\/\/acepta.com\/pe\/?s={search_term_string}\"},\"query-input\":\"required name=search_term_string\"}],\"inLanguage\":\"es\"},{\"@type\":\"Organization\",\"@id\":\"https:\/\/acepta.com\/pe\/#organization\",\"name\":\"Acepta Per\u00fa\",\"url\":\"https:\/\/acepta.com\/pe\/\",\"logo\":{\"@type\":\"ImageObject\",\"inLanguage\":\"es\",\"@id\":\"https:\/\/acepta.com\/pe\/#\/schema\/logo\/image\/\",\"url\":\"\",\"contentUrl\":\"\",\"caption\":\"Acepta Per\u00fa\"},\"image\":{\"@id\":\"https:\/\/acepta.com\/pe\/#\/schema\/logo\/image\/\"},\"sameAs\":[\"https:\/\/www.facebook.com\/AceptaLatinoamerica\",\"https:\/\/www.instagram.com\/aceptalatinoamerica\",\"https:\/\/www.linkedin.com\/company\/acepta\/\"]}]}<\/script>\n<!-- \/ Yoast SEO Premium plugin. -->","yoast_head_json":{"title":"Soporte y ayuda - Acepta Peru","description":"Ingresa en nuestro centro de ayuda y obt\u00e9n soporte y todo lo que necesitas para certificado digital y firma digital.","robots":{"index":"index","follow":"follow","max-snippet":"max-snippet:-1","max-image-preview":"max-image-preview:large","max-video-preview":"max-video-preview:-1"},"canonical":"https:\/\/acepta.com\/pe\/centro-de-ayuda\/","og_locale":"es_ES","og_type":"article","og_title":"Centro de ayuda","og_description":"Ingresa en nuestro centro de ayuda y obt\u00e9n soporte y todo lo que necesitas para certificado digital y firma digital.","og_url":"https:\/\/acepta.com\/pe\/centro-de-ayuda\/","og_site_name":"Acepta Peru","article_publisher":"https:\/\/www.facebook.com\/AceptaLatinoamerica","article_modified_time":"2025-11-12T17:41:50+00:00","twitter_card":"summary_large_image","twitter_misc":{"Tiempo de lectura":"3 minutos"},"schema":{"@context":"https:\/\/schema.org","@graph":[{"@type":"WebPage","@id":"https:\/\/acepta.com\/pe\/centro-de-ayuda\/","url":"https:\/\/acepta.com\/pe\/centro-de-ayuda\/","name":"Soporte y ayuda - Acepta Peru","isPartOf":{"@id":"https:\/\/acepta.com\/pe\/#website"},"datePublished":"2023-08-21T23:55:16+00:00","dateModified":"2025-11-12T17:41:50+00:00","description":"Ingresa en nuestro centro de ayuda y obt\u00e9n soporte y todo lo que necesitas para certificado digital y firma digital.","breadcrumb":{"@id":"https:\/\/acepta.com\/pe\/centro-de-ayuda\/#breadcrumb"},"inLanguage":"es","potentialAction":[{"@type":"ReadAction","target":["https:\/\/acepta.com\/pe\/centro-de-ayuda\/"]}]},{"@type":"BreadcrumbList","@id":"https:\/\/acepta.com\/pe\/centro-de-ayuda\/#breadcrumb","itemListElement":[{"@type":"ListItem","position":1,"name":"Portada","item":"https:\/\/acepta.com\/pe\/"},{"@type":"ListItem","position":2,"name":"Centro de ayuda"}]},{"@type":"WebSite","@id":"https:\/\/acepta.com\/pe\/#website","url":"https:\/\/acepta.com\/pe\/","name":"Acepta Peru","description":"Somos proveedores de Certificados Digitales y Firmas Electr\u00f3nicas para la gesti\u00f3n tributaria y documental de tu negocio.","publisher":{"@id":"https:\/\/acepta.com\/pe\/#organization"},"potentialAction":[{"@type":"SearchAction","target":{"@type":"EntryPoint","urlTemplate":"https:\/\/acepta.com\/pe\/?s={search_term_string}"},"query-input":"required name=search_term_string"}],"inLanguage":"es"},{"@type":"Organization","@id":"https:\/\/acepta.com\/pe\/#organization","name":"Acepta Per\u00fa","url":"https:\/\/acepta.com\/pe\/","logo":{"@type":"ImageObject","inLanguage":"es","@id":"https:\/\/acepta.com\/pe\/#\/schema\/logo\/image\/","url":"","contentUrl":"","caption":"Acepta Per\u00fa"},"image":{"@id":"https:\/\/acepta.com\/pe\/#\/schema\/logo\/image\/"},"sameAs":["https:\/\/www.facebook.com\/AceptaLatinoamerica","https:\/\/www.instagram.com\/aceptalatinoamerica","https:\/\/www.linkedin.com\/company\/acepta\/"]}]}},"_links":{"self":[{"href":"https:\/\/acepta.com\/pe\/wp-json\/wp\/v2\/pages\/3070"}],"collection":[{"href":"https:\/\/acepta.com\/pe\/wp-json\/wp\/v2\/pages"}],"about":[{"href":"https:\/\/acepta.com\/pe\/wp-json\/wp\/v2\/types\/page"}],"author":[{"embeddable":true,"href":"https:\/\/acepta.com\/pe\/wp-json\/wp\/v2\/users\/1"}],"replies":[{"embeddable":true,"href":"https:\/\/acepta.com\/pe\/wp-json\/wp\/v2\/comments?post=3070"}],"version-history":[{"count":0,"href":"https:\/\/acepta.com\/pe\/wp-json\/wp\/v2\/pages\/3070\/revisions"}],"wp:attachment":[{"href":"https:\/\/acepta.com\/pe\/wp-json\/wp\/v2\/media?parent=3070"}],"curies":[{"name":"wp","href":"https:\/\/api.w.org\/{rel}","templated":true}]}}