{"id":3072,"date":"2023-08-22T01:55:39","date_gmt":"2023-08-21T23:55:39","guid":{"rendered":"http:\/\/complot.cl\/acepta\/?page_id=3072"},"modified":"2023-11-16T17:32:07","modified_gmt":"2023-11-16T16:32:07","slug":"acepta-peru","status":"publish","type":"page","link":"https:\/\/acepta.com\/pe\/acepta-peru\/","title":{"rendered":"Acepta Per\u00fa"},"content":{"rendered":"<div class=\"wpb-content-wrapper\"><p>[vc_row full_width=&#8221;stretch_row&#8221; canvas=&#8221;%5B%7B%22shape%22%3A%22shape-1%22%2C%22image_effect%22%3A%22style-1%22%2C%22smoothness%22%3A%2230%22%7D%5D&#8221; css=&#8221;.vc_custom_1694639068831{margin-top: -50px !important;padding-top: 40px !important;padding-bottom: 40px !important;background-color: #072448 !important;background-position: center !important;background-repeat: no-repeat !important;background-size: cover !important;}&#8221;][vc_column][vc_custom_heading source=&#8221;post_title&#8221; font_container=&#8221;tag:h1|font_size:26|text_align:center|color:%23ffffff&#8221; use_theme_fonts=&#8221;yes&#8221; css=&#8221;.vc_custom_1700152056213{margin-bottom: 0px !important;}&#8221;][\/vc_column][\/vc_row][vc_row][vc_column]<div class=\"deeper-spacer clearfix\" data-config='{\"desktop\":50,\"mobile\":50,\"smobile\":50}'><\/div>[\/vc_column][\/vc_row][vc_row][vc_column][vc_column_text]Acepta ha fortalecido y consolidado su liderazgo en soluciones digitales a lo largo de su trayectoria, basados en la excelencia y con miras a otorgar m\u00e1s y mejores servicios tanto a personas como a peque\u00f1as y medianas empresas. En Acepta Per\u00fa hemos trazado una ruta de despapelizaci\u00f3n con intenci\u00f3n de hacer los procesos burocr\u00e1ticos empresariales m\u00e1s eficientes, f\u00e1ciles y seguros, de esta forma, contribuir con el medio ambiente y transformar a Per\u00fa en un pa\u00eds m\u00e1s digital.[\/vc_column_text][\/vc_column][\/vc_row][vc_row][vc_column]<div class=\"deeper-spacer clearfix\" data-config='{\"desktop\":50,\"mobile\":50,\"smobile\":50}'><\/div>[\/vc_column][\/vc_row][vc_row][vc_column][vc_row_inner css=&#8221;.vc_custom_1694038528455{margin-bottom: 10px !important;padding-top: 10px !important;padding-right: 20px !important;padding-bottom: 20px !important;padding-left: 20px !important;background-color: #e5ebf1 !important;border-radius: 10px !important;}&#8221;][vc_column_inner][vc_custom_heading text=&#8221;1999&#8243; font_container=&#8221;tag:h3|text_align:left|color:%23072448&#8243; use_theme_fonts=&#8221;yes&#8221; css=&#8221;.vc_custom_1694038274691{margin-bottom: 0px !important;}&#8221;][vc_column_text]Acepta fue fundada en Chile como empresa de servicio de documentos electr\u00f3nicos con respaldo legal.[\/vc_column_text][\/vc_column_inner][\/vc_row_inner][vc_row_inner css=&#8221;.vc_custom_1694038535981{margin-bottom: 10px !important;padding-top: 10px !important;padding-right: 20px !important;padding-bottom: 20px !important;padding-left: 20px !important;background-color: #e5ebf1 !important;border-radius: 10px !important;}&#8221;][vc_column_inner][vc_custom_heading text=&#8221;2014&#8243; font_container=&#8221;tag:h3|text_align:left|color:%23072448&#8243; use_theme_fonts=&#8221;yes&#8221; css=&#8221;.vc_custom_1698952457508{margin-bottom: 0px !important;}&#8221;][vc_column_text]Acepta comienza a operar en Per\u00fa para la venta de <a href=\"https:\/\/acepta.com\/pe\/productos\/certificado-digital\/\">certificados digitales<\/a> y <a href=\"https:\/\/acepta.com\/pe\/productos\/firma-digital\/\">firmas digitales<\/a>[\/vc_column_text][\/vc_column_inner][\/vc_row_inner][vc_row_inner css=&#8221;.vc_custom_1694038535981{margin-bottom: 10px !important;padding-top: 10px !important;padding-right: 20px !important;padding-bottom: 20px !important;padding-left: 20px !important;background-color: #e5ebf1 !important;border-radius: 10px !important;}&#8221;][vc_column_inner][vc_custom_heading text=&#8221;2021&#8243; font_container=&#8221;tag:h3|text_align:left|color:%23072448&#8243; use_theme_fonts=&#8221;yes&#8221; css=&#8221;.vc_custom_1694038684122{margin-bottom: 0px !important;}&#8221;][vc_column_text]<a href=\"https:\/\/sovos.com\/pe\/\">Sovos<\/a> adquiere a Acepta Per\u00fa, obteniendo de esta uni\u00f3n la experiencia seguridad internacional de una empresa global.[\/vc_column_text][\/vc_column_inner][\/vc_row_inner][vc_row_inner css=&#8221;.vc_custom_1694038535981{margin-bottom: 10px !important;padding-top: 10px !important;padding-right: 20px !important;padding-bottom: 20px !important;padding-left: 20px !important;background-color: #e5ebf1 !important;border-radius: 10px !important;}&#8221;][vc_column_inner][vc_custom_heading text=&#8221;2023&#8243; font_container=&#8221;tag:h3|text_align:left|color:%23072448&#8243; use_theme_fonts=&#8221;yes&#8221; css=&#8221;.vc_custom_1694038702796{margin-bottom: 0px !important;}&#8221;][vc_column_text]Acepta fortalece su posici\u00f3n de liderazgo para respaldar el cumplimiento tributario en las econom\u00edas digitales y ampliando el soporte en facturaci\u00f3n, boleta y documentos electr\u00f3nicos para las medianas y peque\u00f1as empresas de todo el mundo.[\/vc_column_text][\/vc_column_inner][\/vc_row_inner][\/vc_column][\/vc_row][vc_row][vc_column][vc_empty_space height=&#8221;50px&#8221;][\/vc_column][\/vc_row]<\/p>\n<\/div>","protected":false},"excerpt":{"rendered":"<p>[vc_row full_width=&#8221;stretch_row&#8221; canvas=&#8221;%5B%7B%22shape%22%3A%22shape-1%22%2C%22image_effect%22%3A%22style-1%22%2C%22smoothness%22%3A%2230%22%7D%5D&#8221; css=&#8221;.vc_custom_1694639068831{margin-top: -50px !important;padding-top: 40px !important;padding-bottom: 40px !important;background-color: #072448 !important;background-position: center !important;background-repeat: no-repeat !important;background-size: cover !important;}&#8221;][vc_column][vc_custom_heading source=&#8221;post_title&#8221; font_container=&#8221;tag:h1|font_size:26|text_align:center|color:%23ffffff&#8221; use_theme_fonts=&#8221;yes&#8221; css=&#8221;.vc_custom_1700152056213{margin-bottom: 0px !important;}&#8221;][\/vc_column][\/vc_row][vc_row][vc_column][\/vc_column][\/vc_row][vc_row][vc_column][vc_column_text]Acepta ha fortalecido y consolidado su liderazgo en soluciones digitales a lo largo de su trayectoria, basados en la excelencia y con miras a otorgar m\u00e1s y<\/p>\n","protected":false},"author":1,"featured_media":0,"parent":0,"menu_order":0,"comment_status":"closed","ping_status":"closed","template":"","meta":{"footnotes":""},"yoast_head":"<!-- This site is optimized with the Yoast SEO Premium plugin v22.3 (Yoast SEO v22.3) - https:\/\/yoast.com\/wordpress\/plugins\/seo\/ -->\n<title>Sobre nosotros - Acepta Peru<\/title>\n<meta name=\"description\" content=\"A lo largo de nuestra trayectoria, Acepta Per\u00fa ha consolidado el liderazgo en certificados digitales y firmas digitales\" \/>\n<meta name=\"robots\" content=\"index, follow, max-snippet:-1, max-image-preview:large, max-video-preview:-1\" \/>\n<link rel=\"canonical\" href=\"https:\/\/acepta.com\/pe\/acepta-peru\/\" \/>\n<meta property=\"og:locale\" content=\"es_ES\" \/>\n<meta property=\"og:type\" content=\"article\" \/>\n<meta property=\"og:title\" content=\"Acepta Per\u00fa\" \/>\n<meta property=\"og:description\" content=\"A lo largo de nuestra trayectoria, Acepta Per\u00fa ha consolidado el liderazgo en certificados digitales y firmas digitales\" \/>\n<meta property=\"og:url\" content=\"https:\/\/acepta.com\/pe\/acepta-peru\/\" \/>\n<meta property=\"og:site_name\" content=\"Acepta Peru\" \/>\n<meta property=\"article:publisher\" content=\"https:\/\/www.facebook.com\/AceptaLatinoamerica\" \/>\n<meta property=\"article:modified_time\" content=\"2023-11-16T16:32:07+00:00\" \/>\n<meta name=\"twitter:card\" content=\"summary_large_image\" \/>\n<meta name=\"twitter:label1\" content=\"Tiempo de lectura\" \/>\n\t<meta name=\"twitter:data1\" content=\"2 minutos\" \/>\n<script type=\"application\/ld+json\" class=\"yoast-schema-graph\">{\"@context\":\"https:\/\/schema.org\",\"@graph\":[{\"@type\":\"WebPage\",\"@id\":\"https:\/\/acepta.com\/pe\/acepta-peru\/\",\"url\":\"https:\/\/acepta.com\/pe\/acepta-peru\/\",\"name\":\"Sobre nosotros - Acepta Peru\",\"isPartOf\":{\"@id\":\"https:\/\/acepta.com\/pe\/#website\"},\"datePublished\":\"2023-08-21T23:55:39+00:00\",\"dateModified\":\"2023-11-16T16:32:07+00:00\",\"description\":\"A lo largo de nuestra trayectoria, Acepta Per\u00fa ha consolidado el liderazgo en certificados digitales y firmas digitales\",\"breadcrumb\":{\"@id\":\"https:\/\/acepta.com\/pe\/acepta-peru\/#breadcrumb\"},\"inLanguage\":\"es\",\"potentialAction\":[{\"@type\":\"ReadAction\",\"target\":[\"https:\/\/acepta.com\/pe\/acepta-peru\/\"]}]},{\"@type\":\"BreadcrumbList\",\"@id\":\"https:\/\/acepta.com\/pe\/acepta-peru\/#breadcrumb\",\"itemListElement\":[{\"@type\":\"ListItem\",\"position\":1,\"name\":\"Portada\",\"item\":\"https:\/\/acepta.com\/pe\/\"},{\"@type\":\"ListItem\",\"position\":2,\"name\":\"Acepta Per\u00fa\"}]},{\"@type\":\"WebSite\",\"@id\":\"https:\/\/acepta.com\/pe\/#website\",\"url\":\"https:\/\/acepta.com\/pe\/\",\"name\":\"Acepta Peru\",\"description\":\"Somos proveedores de Certificados Digitales y Firmas Electr\u00f3nicas para la gesti\u00f3n tributaria y documental de tu negocio.\",\"publisher\":{\"@id\":\"https:\/\/acepta.com\/pe\/#organization\"},\"potentialAction\":[{\"@type\":\"SearchAction\",\"target\":{\"@type\":\"EntryPoint\",\"urlTemplate\":\"https:\/\/acepta.com\/pe\/?s={search_term_string}\"},\"query-input\":\"required name=search_term_string\"}],\"inLanguage\":\"es\"},{\"@type\":\"Organization\",\"@id\":\"https:\/\/acepta.com\/pe\/#organization\",\"name\":\"Acepta Per\u00fa\",\"url\":\"https:\/\/acepta.com\/pe\/\",\"logo\":{\"@type\":\"ImageObject\",\"inLanguage\":\"es\",\"@id\":\"https:\/\/acepta.com\/pe\/#\/schema\/logo\/image\/\",\"url\":\"\",\"contentUrl\":\"\",\"caption\":\"Acepta Per\u00fa\"},\"image\":{\"@id\":\"https:\/\/acepta.com\/pe\/#\/schema\/logo\/image\/\"},\"sameAs\":[\"https:\/\/www.facebook.com\/AceptaLatinoamerica\",\"https:\/\/www.instagram.com\/aceptalatinoamerica\",\"https:\/\/www.linkedin.com\/company\/acepta\/\"]}]}<\/script>\n<!-- \/ Yoast SEO Premium plugin. -->","yoast_head_json":{"title":"Sobre nosotros - Acepta Peru","description":"A lo largo de nuestra trayectoria, Acepta Per\u00fa ha consolidado el liderazgo en certificados digitales y firmas digitales","robots":{"index":"index","follow":"follow","max-snippet":"max-snippet:-1","max-image-preview":"max-image-preview:large","max-video-preview":"max-video-preview:-1"},"canonical":"https:\/\/acepta.com\/pe\/acepta-peru\/","og_locale":"es_ES","og_type":"article","og_title":"Acepta Per\u00fa","og_description":"A lo largo de nuestra trayectoria, Acepta Per\u00fa ha consolidado el liderazgo en certificados digitales y firmas digitales","og_url":"https:\/\/acepta.com\/pe\/acepta-peru\/","og_site_name":"Acepta Peru","article_publisher":"https:\/\/www.facebook.com\/AceptaLatinoamerica","article_modified_time":"2023-11-16T16:32:07+00:00","twitter_card":"summary_large_image","twitter_misc":{"Tiempo de lectura":"2 minutos"},"schema":{"@context":"https:\/\/schema.org","@graph":[{"@type":"WebPage","@id":"https:\/\/acepta.com\/pe\/acepta-peru\/","url":"https:\/\/acepta.com\/pe\/acepta-peru\/","name":"Sobre nosotros - Acepta Peru","isPartOf":{"@id":"https:\/\/acepta.com\/pe\/#website"},"datePublished":"2023-08-21T23:55:39+00:00","dateModified":"2023-11-16T16:32:07+00:00","description":"A lo largo de nuestra trayectoria, Acepta Per\u00fa ha consolidado el liderazgo en certificados digitales y firmas digitales","breadcrumb":{"@id":"https:\/\/acepta.com\/pe\/acepta-peru\/#breadcrumb"},"inLanguage":"es","potentialAction":[{"@type":"ReadAction","target":["https:\/\/acepta.com\/pe\/acepta-peru\/"]}]},{"@type":"BreadcrumbList","@id":"https:\/\/acepta.com\/pe\/acepta-peru\/#breadcrumb","itemListElement":[{"@type":"ListItem","position":1,"name":"Portada","item":"https:\/\/acepta.com\/pe\/"},{"@type":"ListItem","position":2,"name":"Acepta Per\u00fa"}]},{"@type":"WebSite","@id":"https:\/\/acepta.com\/pe\/#website","url":"https:\/\/acepta.com\/pe\/","name":"Acepta Peru","description":"Somos proveedores de Certificados Digitales y Firmas Electr\u00f3nicas para la gesti\u00f3n tributaria y documental de tu negocio.","publisher":{"@id":"https:\/\/acepta.com\/pe\/#organization"},"potentialAction":[{"@type":"SearchAction","target":{"@type":"EntryPoint","urlTemplate":"https:\/\/acepta.com\/pe\/?s={search_term_string}"},"query-input":"required name=search_term_string"}],"inLanguage":"es"},{"@type":"Organization","@id":"https:\/\/acepta.com\/pe\/#organization","name":"Acepta Per\u00fa","url":"https:\/\/acepta.com\/pe\/","logo":{"@type":"ImageObject","inLanguage":"es","@id":"https:\/\/acepta.com\/pe\/#\/schema\/logo\/image\/","url":"","contentUrl":"","caption":"Acepta Per\u00fa"},"image":{"@id":"https:\/\/acepta.com\/pe\/#\/schema\/logo\/image\/"},"sameAs":["https:\/\/www.facebook.com\/AceptaLatinoamerica","https:\/\/www.instagram.com\/aceptalatinoamerica","https:\/\/www.linkedin.com\/company\/acepta\/"]}]}},"_links":{"self":[{"href":"https:\/\/acepta.com\/pe\/wp-json\/wp\/v2\/pages\/3072"}],"collection":[{"href":"https:\/\/acepta.com\/pe\/wp-json\/wp\/v2\/pages"}],"about":[{"href":"https:\/\/acepta.com\/pe\/wp-json\/wp\/v2\/types\/page"}],"author":[{"embeddable":true,"href":"https:\/\/acepta.com\/pe\/wp-json\/wp\/v2\/users\/1"}],"replies":[{"embeddable":true,"href":"https:\/\/acepta.com\/pe\/wp-json\/wp\/v2\/comments?post=3072"}],"version-history":[{"count":0,"href":"https:\/\/acepta.com\/pe\/wp-json\/wp\/v2\/pages\/3072\/revisions"}],"wp:attachment":[{"href":"https:\/\/acepta.com\/pe\/wp-json\/wp\/v2\/media?parent=3072"}],"curies":[{"name":"wp","href":"https:\/\/api.w.org\/{rel}","templated":true}]}}