{"id":520,"date":"2020-06-06T14:59:27","date_gmt":"2020-06-06T12:59:27","guid":{"rendered":"http:\/\/ninzio.com\/octavian\/?page_id=520"},"modified":"2025-10-30T15:59:44","modified_gmt":"2025-10-30T18:59:44","slug":"acepta","status":"publish","type":"page","link":"https:\/\/acepta.com\/pe\/","title":{"rendered":"Firmas electronicas"},"content":{"rendered":"<div class=\"wpb-content-wrapper\"><p>[vc_row canvas=&#8221;%5B%5D&#8221;][vc_column][vc_custom_heading text=&#8221;Selecciona tu firma electr\u00f3nica&#8221; font_container=&#8221;tag:h1|font_size:34px|text_align:center&#8221; use_theme_fonts=&#8221;yes&#8221;][\/vc_column][\/vc_row][vc_row gap=&#8221;30&#8243; equal_height=&#8221;yes&#8221; canvas=&#8221;%5B%7B%22shape%22%3A%22shape-1%22%2C%22image_effect%22%3A%22style-1%22%2C%22smoothness%22%3A%2230%22%7D%5D&#8221;][vc_column width=&#8221;1\/2&#8243; css=&#8221;.vc_custom_1695998425912{padding-top: 30px !important;padding-right: 30px !important;padding-bottom: 30px !important;padding-left: 30px !important;background-color: #ffffff !important;border-radius: 10px !important;}&#8221; el_class=&#8221;.box-edge-wd&#8221;]<div class=\"deeper-spacer clearfix\" data-config='{\"desktop\":45,\"mobile\":30,\"smobile\":30}'><\/div><h2 class=\"deeper-text align-center \" style=\"font-size:20px;font-weight:400;margin-bottom:0px;font-family:Montserrat;\" ><span>Certificado digital<\/span>\n<\/h2><h3 class=\"deeper-text align-center \" style=\"font-size:29px;font-weight:700;line-height:32px;margin-bottom:20px;font-family:Montserrat;\" ><span>Firma facturas en SUNAT<\/span>\n<\/h3>[vc_column_text]<\/p>\n<p style=\"margin-bottom: 20px;\"><strong>Beneficios:<\/strong><\/p>\n<ul>\n<li>Firma facturas, boletas y CPE<\/li>\n<li>Firma comprobantes de percepcio\u0301n y retencio\u0301n<\/li>\n<li>100% Compatible con facturador SUNAT<\/li>\n<li>Compatible con ERP y software de facturaci\u00f3n<\/li>\n<li>Firma ilimitadamente por 1, 2 o 3 an\u0303os<\/li>\n<li>Compra y descarga online<\/li>\n<\/ul>\n<p>[\/vc_column_text][vc_empty_space height=&#8221;45px&#8221;][vc_row_inner el_class=&#8221;.no-edge&#8221;][vc_column_inner width=&#8221;1\/2&#8243;]<h2 class=\"deeper-text align-left \" style=\"font-size:23px;line-height:5px;margin-bottom:0px;color:#0a0e33;\" ><span>Desde<\/span>\n<\/h2><h2 class=\"deeper-text align-left \" style=\"font-size:33px;color:#0a0e33;font-family:Montserrat;\" ><span>s\/ 236.00<\/span>\n<\/h2>[\/vc_column_inner][vc_column_inner width=&#8221;1\/2&#8243;]<div class=\"url-wrap  align-center\" >\n\t\t\t\t\t\t<a class=\"deeper-button button-accent medium\" style=\"\" href=http:\/\/acepta.com\/pe\/productos\/certificado-digital\/ title=&quot;Certificadodigital&quot; >Ver m\u00e1s<span class=\"hover-effect\"><\/span><\/a>\n\t\t\t\t\t<\/div>[\/vc_column_inner][\/vc_row_inner][\/vc_column][vc_column width=&#8221;1\/2&#8243; css=&#8221;.vc_custom_1695998433107{padding-top: 30px !important;padding-right: 30px !important;padding-bottom: 30px !important;padding-left: 30px !important;border-radius: 10px !important;}&#8221; el_class=&#8221;.box-edge-wd&#8221;]<div class=\"deeper-spacer clearfix\" data-config='{\"desktop\":45,\"mobile\":30,\"smobile\":30}'><\/div><h2 class=\"deeper-text align-center \" style=\"font-size:20px;font-weight:400;margin-bottom:0px;font-family:Montserrat;\" ><span>Firma digital<\/span>\n<\/h2><h3 class=\"deeper-text align-center \" style=\"font-size:29px;font-weight:700;line-height:32px;margin-bottom:20px;font-family:Montserrat;\" ><span>Firma documentos PDF y XML<\/span>\n<\/h3>[vc_column_text]<\/p>\n<p style=\"margin-bottom: 20px;\"><strong>Beneficios:<\/strong><\/p>\n<ul>\n<li>Firma documentos PDF y XML con valor legal<\/li>\n<li>Reemplaza tu firma manuscrita por un e_Token<\/li>\n<li>Evita riesgo de repudio y suplantaci\u00f3n<\/li>\n<li>Compatible con software de firmas digital<\/li>\n<li>Firma ilimitadamente por 1, 2 o 3 an\u0303os<\/li>\n<li>Compra y descarga online<\/li>\n<\/ul>\n<p>[\/vc_column_text][vc_empty_space height=&#8221;45px&#8221;][vc_row_inner el_class=&#8221;.no-edge&#8221;][vc_column_inner width=&#8221;1\/2&#8243;]<h2 class=\"deeper-text align-left \" style=\"font-size:23px;line-height:5px;margin-bottom:0px;color:#0a0e33;\" ><span>Desde<\/span>\n<\/h2><h2 class=\"deeper-text align-left \" style=\"font-size:33px;color:#0a0e33;font-family:Montserrat;\" ><span>s\/ 236.00<\/span>\n<\/h2>[\/vc_column_inner][vc_column_inner width=&#8221;1\/2&#8243;]<div class=\"url-wrap  align-center\" >\n\t\t\t\t\t\t<a class=\"deeper-button button-accent medium\" style=\"\" href=https:\/\/acepta.com\/pe\/productos\/firma-digital\/ title=&quot;Firmadigital&quot; >Ver m\u00e1s<span class=\"hover-effect\"><\/span><\/a>\n\t\t\t\t\t<\/div>[\/vc_column_inner][\/vc_row_inner][\/vc_column][\/vc_row][vc_row equal_height=&#8221;yes&#8221; content_placement=&#8221;middle&#8221; canvas=&#8221;%5B%7B%22element%22%3A%22image%22%2C%22shape%22%3A%22shape-1%22%2C%22image_effect%22%3A%22style-1%22%2C%22smoothness%22%3A%2230%22%7D%5D&#8221;][vc_column]<div class=\"deeper-spacer clearfix\" data-config='{\"desktop\":50,\"mobile\":50,\"smobile\":50}'><\/div>[\/vc_column][\/vc_row][vc_row equal_height=&#8221;yes&#8221; content_placement=&#8221;middle&#8221; canvas=&#8221;%5B%7B%22element%22%3A%22image%22%2C%22shape%22%3A%22shape-1%22%2C%22image_effect%22%3A%22style-1%22%2C%22smoothness%22%3A%2230%22%7D%5D&#8221; css=&#8221;.vc_custom_1692232207745{padding: 30px !important;background-color: #d4deec !important;border-radius: 10px !important;}&#8221;][vc_column][vc_custom_heading text=&#8221;En Acepta cumplimos con las normativas peruanas&#8221; font_container=&#8221;tag:h2|font_size:28|text_align:center|color:%23212529&#8243; google_fonts=&#8221;font_family:Montserrat%3Aregular%2C700|font_style:700%20bold%20regular%3A700%3Anormal&#8221;][vc_row_inner gap=&#8221;10&#8243;][vc_column_inner width=&#8221;1\/4&#8243;][vc_single_image image=&#8221;4164&#8243; img_size=&#8221;full&#8221; alignment=&#8221;center&#8221; onclick=&#8221;custom_link&#8221; img_link_target=&#8221;_blank&#8221; link=&#8221;https:\/\/www.gob.pe\/institucion\/indecopi\/informes-publicaciones\/5447866-registro-oficial-de-prestadores-de-servicios-de-certificacion-digital-rops&#8221;]<div class=\"deeper-text align-center \" style=\"font-size:7;\" ><span>Acreditado por Indecopi. <a href=\"https:\/\/www.indecopi.gob.pe\/en\/web\/firmas-digitales\/lista-de-Servicios-de-confianza-trusted-services-list-tsl-\">Ver listado de confianza<\/a><\/span>\n<\/div><div class=\"deeper-spacer clearfix\" data-config='{\"smobile\":25}'><\/div>[\/vc_column_inner][vc_column_inner width=&#8221;1\/4&#8243;][vc_single_image image=&#8221;4163&#8243; img_size=&#8221;full&#8221; alignment=&#8221;center&#8221;]<div class=\"deeper-text align-center \" style=\"font-size:7;\" ><span>Acreditado como Entidad de Certificaci\u00f3n<\/span>\n<\/div><div class=\"deeper-spacer clearfix\" data-config='{\"smobile\":25}'><\/div>[\/vc_column_inner][vc_column_inner width=&#8221;1\/4&#8243;][vc_single_image image=&#8221;4165&#8243; img_size=&#8221;full&#8221; alignment=&#8221;center&#8221;]<div class=\"deeper-text align-center \" style=\"font-size:7;\" ><span>Acreditado como Entidad de Registro<\/span>\n<\/div><div class=\"deeper-spacer clearfix\" data-config='{\"smobile\":25}'><\/div>[\/vc_column_inner][vc_column_inner width=&#8221;1\/4&#8243;][vc_single_image image=&#8221;4158&#8243; img_size=&#8221;full&#8221; alignment=&#8221;center&#8221;]<div class=\"deeper-text align-center \" style=\"font-size:7;\" ><span>Compatible con SUNAT y Factura electr\u00f3nica<\/span>\n<\/div>[\/vc_column_inner][\/vc_row_inner]<div class=\"deeper-spacer clearfix\" data-config='{\"desktop\":30,\"mobile\":30,\"smobile\":30}'><\/div>[\/vc_column][\/vc_row][vc_row equal_height=&#8221;yes&#8221; content_placement=&#8221;middle&#8221; canvas=&#8221;%5B%7B%22element%22%3A%22image%22%2C%22shape%22%3A%22shape-1%22%2C%22image_effect%22%3A%22style-1%22%2C%22smoothness%22%3A%2230%22%7D%5D&#8221;][vc_column]<div class=\"deeper-spacer clearfix\" data-config='{\"desktop\":50,\"mobile\":50,\"smobile\":50}'><\/div>[\/vc_column][\/vc_row][vc_row equal_height=&#8221;yes&#8221; content_placement=&#8221;middle&#8221; canvas=&#8221;%5B%7B%22element%22%3A%22image%22%2C%22shape%22%3A%22shape-1%22%2C%22image_effect%22%3A%22style-1%22%2C%22smoothness%22%3A%2230%22%7D%5D&#8221;][vc_column][vc_custom_heading text=&#8221;Firmas electr\u00f3nicas de excelencia y seguridad&#8221; font_container=&#8221;tag:h2|font_size:28|text_align:center|color:%23212529&#8243; google_fonts=&#8221;font_family:Montserrat%3Aregular%2C700|font_style:700%20bold%20regular%3A700%3Anormal&#8221;][\/vc_column][\/vc_row][vc_row gap=&#8221;15&#8243; equal_height=&#8221;yes&#8221; canvas=&#8221;%5B%7B%22shape%22%3A%22shape-1%22%2C%22image_effect%22%3A%22style-1%22%2C%22smoothness%22%3A%2230%22%7D%5D&#8221;][vc_column width=&#8221;1\/4&#8243; css=&#8221;.vc_custom_1692231395073{padding-top: 25px !important;padding-right: 25px !important;padding-bottom: 25px !important;padding-left: 25px !important;background-color: #ffffff !important;border-radius: 10px !important;}&#8221;]<div class=\"deeper-spacer clearfix\" data-config='{\"desktop\":30,\"mobile\":30,\"smobile\":30}'><\/div>[vc_single_image image=&#8221;2973&#8243; img_size=&#8221;full&#8221; alignment=&#8221;center&#8221;]<div class=\"deeper-spacer clearfix\" data-config='{\"desktop\":20,\"mobile\":20,\"smobile\":20}'><\/div><h2 class=\"deeper-text align-center \" style=\"font-size:25px;margin-bottom:10px;font-family:Montserrat;\" ><span>Compra segura<\/span>\n<\/h2>[vc_column_text]<\/p>\n<p style=\"text-align: center;\">Trabajamos con proveedores de alto respaldo en seguridad para los pagos online<\/p>\n<p>[\/vc_column_text][\/vc_column][vc_column width=&#8221;1\/4&#8243; css=&#8221;.vc_custom_1692230085006{background-color: #ffffff !important;border-radius: 10px !important;}&#8221;]<div class=\"deeper-spacer clearfix\" data-config='{\"desktop\":30,\"mobile\":30,\"smobile\":30}'><\/div>[vc_single_image image=&#8221;2974&#8243; img_size=&#8221;full&#8221; alignment=&#8221;center&#8221;]<div class=\"deeper-spacer clearfix\" data-config='{\"desktop\":10,\"mobile\":20,\"smobile\":20}'><\/div><h2 class=\"deeper-text align-center \" style=\"font-size:25px;margin-bottom:10px;font-family:Montserrat;\" ><span>Acreditados<\/span>\n<\/h2>[vc_column_text]<\/p>\n<p style=\"text-align: center;\">Pol\u00edticas y pr\u00e1cticas de acreditaci\u00f3n <a href=\"https:\/\/www.indecopi.gob.pe\/en\/web\/firmas-digitales\/lista-de-Servicios-de-confianza-trusted-services-list-tsl-\">INDECOPI<\/a> para certificados y firmas electr\u00f3nicas<\/p>\n<p>[\/vc_column_text][\/vc_column][vc_column width=&#8221;1\/4&#8243; css=&#8221;.vc_custom_1692230095984{background-color: #ffffff !important;border-radius: 10px !important;}&#8221;]<div class=\"deeper-spacer clearfix\" data-config='{\"desktop\":30,\"mobile\":30,\"smobile\":30}'><\/div>[vc_single_image image=&#8221;2975&#8243; img_size=&#8221;full&#8221; alignment=&#8221;center&#8221;]<div class=\"deeper-spacer clearfix\" data-config='{\"desktop\":10,\"mobile\":20,\"smobile\":20}'><\/div><h2 class=\"deeper-text align-center \" style=\"font-size:25px;margin-bottom:10px;font-family:Montserrat;\" ><span>Experiencia<\/span>\n<\/h2>[vc_column_text]<\/p>\n<p style=\"text-align: center;\">Contamos con 23 a\u00f1os de experiencia en Chile, 9 en Per\u00fa y 5 en Colombia<\/p>\n<p>[\/vc_column_text][\/vc_column][vc_column width=&#8221;1\/4&#8243; css=&#8221;.vc_custom_1692230124117{background-color: #ffffff !important;border-radius: 10px !important;}&#8221;]<div class=\"deeper-spacer clearfix\" data-config='{\"desktop\":30,\"mobile\":30,\"smobile\":30}'><\/div>[vc_single_image image=&#8221;2976&#8243; img_size=&#8221;full&#8221; alignment=&#8221;center&#8221;]<div class=\"deeper-spacer clearfix\" data-config='{\"desktop\":20,\"mobile\":20,\"smobile\":20}'><\/div><h2 class=\"deeper-text align-center \" style=\"font-size:25px;margin-bottom:10px;font-family:Montserrat;\" ><span>Centro de ayuda<\/span>\n<\/h2>[vc_column_text]<\/p>\n<p style=\"text-align: center;\">Ingresa en nuestro <a href=\"https:\/\/acepta.com\/pe\/centro-de-ayuda\/\">centro de ayuda<\/a> en caso de que lo requieras<\/p>\n<p>[\/vc_column_text][\/vc_column][\/vc_row][vc_row equal_height=&#8221;yes&#8221; content_placement=&#8221;middle&#8221; canvas=&#8221;%5B%7B%22element%22%3A%22image%22%2C%22shape%22%3A%22shape-1%22%2C%22image_effect%22%3A%22style-1%22%2C%22smoothness%22%3A%2230%22%7D%5D&#8221;][vc_column]<div class=\"deeper-spacer clearfix\" data-config='{\"desktop\":60,\"mobile\":100,\"smobile\":100}'><\/div>[\/vc_column][\/vc_row][vc_row full_width=&#8221;stretch_row&#8221; canvas=&#8221;%5B%7B%22shape%22%3A%22shape-1%22%2C%22image_effect%22%3A%22style-1%22%2C%22smoothness%22%3A%2230%22%7D%5D&#8221; css=&#8221;.vc_custom_1694718988353{padding-top: 30px !important;background-color: #dde4ee !important;}&#8221;][vc_column width=&#8221;1\/2&#8243;][vc_single_image image=&#8221;3009&#8243; img_size=&#8221;full&#8221; alignment=&#8221;center&#8221;][\/vc_column][vc_column width=&#8221;1\/2&#8243;]<div class=\"deeper-spacer clearfix\" data-config='{\"desktop\":50,\"mobile\":50,\"smobile\":50}'><\/div><h2 class=\"deeper-text align-center \" style=\"font-size:37px;font-weight:600;font-family:Montserrat;\" ><span>\u00bfNecesitas ayuda?<\/span>\n<\/h2>[vc_row_inner][vc_column_inner width=&#8221;1\/2&#8243;][vc_single_image image=&#8221;3012&#8243; img_size=&#8221;full&#8221; alignment=&#8221;center&#8221; onclick=&#8221;custom_link&#8221; link=&#8221;https:\/\/acepta_peru.aivohelp.com\/&#8221; el_class=&#8221;abi-hover&#8221;]<div class=\"deeper-spacer clearfix\" data-config='{\"smobile\":25}'><\/div>[\/vc_column_inner][vc_column_inner width=&#8221;1\/2&#8243;][vc_single_image image=&#8221;3014&#8243; img_size=&#8221;full&#8221; alignment=&#8221;center&#8221; onclick=&#8221;custom_link&#8221; link=&#8221;\/pe\/centro-de-ayuda\/&#8221; el_class=&#8221;abi-hover&#8221;]<div class=\"deeper-spacer clearfix\" data-config='{\"smobile\":25}'><\/div>[\/vc_column_inner][\/vc_row_inner][\/vc_column][\/vc_row][vc_row][vc_column][\/vc_column][\/vc_row]<\/p>\n<\/div>","protected":false},"excerpt":{"rendered":"<p>[vc_row canvas=&#8221;%5B%5D&#8221;][vc_column][vc_custom_heading text=&#8221;Selecciona tu firma electr\u00f3nica&#8221; font_container=&#8221;tag:h1|font_size:34px|text_align:center&#8221; use_theme_fonts=&#8221;yes&#8221;][\/vc_column][\/vc_row][vc_row gap=&#8221;30&#8243; equal_height=&#8221;yes&#8221; canvas=&#8221;%5B%7B%22shape%22%3A%22shape-1%22%2C%22image_effect%22%3A%22style-1%22%2C%22smoothness%22%3A%2230%22%7D%5D&#8221;][vc_column width=&#8221;1\/2&#8243; css=&#8221;.vc_custom_1695998425912{padding-top: 30px !important;padding-right: 30px !important;padding-bottom: 30px !important;padding-left: 30px !important;background-color: #ffffff !important;border-radius: 10px !important;}&#8221; el_class=&#8221;.box-edge-wd&#8221;][vc_column_text] Beneficios: Firma facturas, boletas y CPE Firma comprobantes de percepcio\u0301n y retencio\u0301n 100% Compatible con facturador SUNAT Compatible con ERP y software de facturaci\u00f3n<\/p>\n","protected":false},"author":1,"featured_media":0,"parent":0,"menu_order":0,"comment_status":"closed","ping_status":"closed","template":"","meta":{"footnotes":""},"yoast_head":"<!-- This site is optimized with the Yoast SEO Premium plugin v22.3 (Yoast SEO v22.3) - https:\/\/yoast.com\/wordpress\/plugins\/seo\/ -->\n<title>Firma Electronica y Certificado Digital Para Facturas - Acepta<\/title>\n<meta name=\"description\" content=\"Firma facturas y documentos electr\u00f3nicos con valor legal. Compra y descarga tu firma electr\u00f3nica compatible con SUNAT. \u00a1Empieza ahora!\" \/>\n<meta name=\"robots\" content=\"index, follow, max-snippet:-1, max-image-preview:large, max-video-preview:-1\" \/>\n<link rel=\"canonical\" href=\"https:\/\/acepta.com\/pe\/\" \/>\n<meta property=\"og:locale\" content=\"es_ES\" \/>\n<meta property=\"og:type\" content=\"article\" \/>\n<meta property=\"og:title\" content=\"Firmas electronicas\" \/>\n<meta property=\"og:description\" content=\"Firma facturas y documentos electr\u00f3nicos con valor legal. Compra y descarga tu firma electr\u00f3nica compatible con SUNAT. \u00a1Empieza ahora!\" \/>\n<meta property=\"og:url\" content=\"https:\/\/acepta.com\/pe\/\" \/>\n<meta property=\"og:site_name\" content=\"Acepta Peru\" \/>\n<meta property=\"article:publisher\" content=\"https:\/\/www.facebook.com\/AceptaLatinoamerica\" \/>\n<meta property=\"article:modified_time\" content=\"2025-10-30T18:59:44+00:00\" \/>\n<meta name=\"twitter:card\" content=\"summary_large_image\" \/>\n<meta name=\"twitter:label1\" content=\"Tiempo de lectura\" \/>\n\t<meta name=\"twitter:data1\" content=\"3 minutos\" \/>\n<script type=\"application\/ld+json\" class=\"yoast-schema-graph\">{\"@context\":\"https:\/\/schema.org\",\"@graph\":[{\"@type\":\"WebPage\",\"@id\":\"https:\/\/acepta.com\/pe\/\",\"url\":\"https:\/\/acepta.com\/pe\/\",\"name\":\"Firma Electronica y Certificado Digital Para Facturas - Acepta\",\"isPartOf\":{\"@id\":\"https:\/\/acepta.com\/pe\/#website\"},\"datePublished\":\"2020-06-06T12:59:27+00:00\",\"dateModified\":\"2025-10-30T18:59:44+00:00\",\"description\":\"Firma facturas y documentos electr\u00f3nicos con valor legal. Compra y descarga tu firma electr\u00f3nica compatible con SUNAT. \u00a1Empieza ahora!\",\"breadcrumb\":{\"@id\":\"https:\/\/acepta.com\/pe\/#breadcrumb\"},\"inLanguage\":\"es\",\"potentialAction\":[{\"@type\":\"ReadAction\",\"target\":[\"https:\/\/acepta.com\/pe\/\"]}]},{\"@type\":\"BreadcrumbList\",\"@id\":\"https:\/\/acepta.com\/pe\/#breadcrumb\",\"itemListElement\":[{\"@type\":\"ListItem\",\"position\":1,\"name\":\"Portada\",\"item\":\"https:\/\/acepta.com\/pe\/\"},{\"@type\":\"ListItem\",\"position\":2,\"name\":\"Firmas electronicas\"}]},{\"@type\":\"WebSite\",\"@id\":\"https:\/\/acepta.com\/pe\/#website\",\"url\":\"https:\/\/acepta.com\/pe\/\",\"name\":\"Acepta Peru\",\"description\":\"Somos proveedores de Certificados Digitales y Firmas Electr\u00f3nicas para la gesti\u00f3n tributaria y documental de tu negocio.\",\"publisher\":{\"@id\":\"https:\/\/acepta.com\/pe\/#organization\"},\"potentialAction\":[{\"@type\":\"SearchAction\",\"target\":{\"@type\":\"EntryPoint\",\"urlTemplate\":\"https:\/\/acepta.com\/pe\/?s={search_term_string}\"},\"query-input\":\"required name=search_term_string\"}],\"inLanguage\":\"es\"},{\"@type\":\"Organization\",\"@id\":\"https:\/\/acepta.com\/pe\/#organization\",\"name\":\"Acepta Per\u00fa\",\"url\":\"https:\/\/acepta.com\/pe\/\",\"logo\":{\"@type\":\"ImageObject\",\"inLanguage\":\"es\",\"@id\":\"https:\/\/acepta.com\/pe\/#\/schema\/logo\/image\/\",\"url\":\"\",\"contentUrl\":\"\",\"caption\":\"Acepta Per\u00fa\"},\"image\":{\"@id\":\"https:\/\/acepta.com\/pe\/#\/schema\/logo\/image\/\"},\"sameAs\":[\"https:\/\/www.facebook.com\/AceptaLatinoamerica\",\"https:\/\/www.instagram.com\/aceptalatinoamerica\",\"https:\/\/www.linkedin.com\/company\/acepta\/\"]}]}<\/script>\n<!-- \/ Yoast SEO Premium plugin. -->","yoast_head_json":{"title":"Firma Electronica y Certificado Digital Para Facturas - Acepta","description":"Firma facturas y documentos electr\u00f3nicos con valor legal. Compra y descarga tu firma electr\u00f3nica compatible con SUNAT. \u00a1Empieza ahora!","robots":{"index":"index","follow":"follow","max-snippet":"max-snippet:-1","max-image-preview":"max-image-preview:large","max-video-preview":"max-video-preview:-1"},"canonical":"https:\/\/acepta.com\/pe\/","og_locale":"es_ES","og_type":"article","og_title":"Firmas electronicas","og_description":"Firma facturas y documentos electr\u00f3nicos con valor legal. Compra y descarga tu firma electr\u00f3nica compatible con SUNAT. \u00a1Empieza ahora!","og_url":"https:\/\/acepta.com\/pe\/","og_site_name":"Acepta Peru","article_publisher":"https:\/\/www.facebook.com\/AceptaLatinoamerica","article_modified_time":"2025-10-30T18:59:44+00:00","twitter_card":"summary_large_image","twitter_misc":{"Tiempo de lectura":"3 minutos"},"schema":{"@context":"https:\/\/schema.org","@graph":[{"@type":"WebPage","@id":"https:\/\/acepta.com\/pe\/","url":"https:\/\/acepta.com\/pe\/","name":"Firma Electronica y Certificado Digital Para Facturas - Acepta","isPartOf":{"@id":"https:\/\/acepta.com\/pe\/#website"},"datePublished":"2020-06-06T12:59:27+00:00","dateModified":"2025-10-30T18:59:44+00:00","description":"Firma facturas y documentos electr\u00f3nicos con valor legal. Compra y descarga tu firma electr\u00f3nica compatible con SUNAT. \u00a1Empieza ahora!","breadcrumb":{"@id":"https:\/\/acepta.com\/pe\/#breadcrumb"},"inLanguage":"es","potentialAction":[{"@type":"ReadAction","target":["https:\/\/acepta.com\/pe\/"]}]},{"@type":"BreadcrumbList","@id":"https:\/\/acepta.com\/pe\/#breadcrumb","itemListElement":[{"@type":"ListItem","position":1,"name":"Portada","item":"https:\/\/acepta.com\/pe\/"},{"@type":"ListItem","position":2,"name":"Firmas electronicas"}]},{"@type":"WebSite","@id":"https:\/\/acepta.com\/pe\/#website","url":"https:\/\/acepta.com\/pe\/","name":"Acepta Peru","description":"Somos proveedores de Certificados Digitales y Firmas Electr\u00f3nicas para la gesti\u00f3n tributaria y documental de tu negocio.","publisher":{"@id":"https:\/\/acepta.com\/pe\/#organization"},"potentialAction":[{"@type":"SearchAction","target":{"@type":"EntryPoint","urlTemplate":"https:\/\/acepta.com\/pe\/?s={search_term_string}"},"query-input":"required name=search_term_string"}],"inLanguage":"es"},{"@type":"Organization","@id":"https:\/\/acepta.com\/pe\/#organization","name":"Acepta Per\u00fa","url":"https:\/\/acepta.com\/pe\/","logo":{"@type":"ImageObject","inLanguage":"es","@id":"https:\/\/acepta.com\/pe\/#\/schema\/logo\/image\/","url":"","contentUrl":"","caption":"Acepta Per\u00fa"},"image":{"@id":"https:\/\/acepta.com\/pe\/#\/schema\/logo\/image\/"},"sameAs":["https:\/\/www.facebook.com\/AceptaLatinoamerica","https:\/\/www.instagram.com\/aceptalatinoamerica","https:\/\/www.linkedin.com\/company\/acepta\/"]}]}},"_links":{"self":[{"href":"https:\/\/acepta.com\/pe\/wp-json\/wp\/v2\/pages\/520"}],"collection":[{"href":"https:\/\/acepta.com\/pe\/wp-json\/wp\/v2\/pages"}],"about":[{"href":"https:\/\/acepta.com\/pe\/wp-json\/wp\/v2\/types\/page"}],"author":[{"embeddable":true,"href":"https:\/\/acepta.com\/pe\/wp-json\/wp\/v2\/users\/1"}],"replies":[{"embeddable":true,"href":"https:\/\/acepta.com\/pe\/wp-json\/wp\/v2\/comments?post=520"}],"version-history":[{"count":0,"href":"https:\/\/acepta.com\/pe\/wp-json\/wp\/v2\/pages\/520\/revisions"}],"wp:attachment":[{"href":"https:\/\/acepta.com\/pe\/wp-json\/wp\/v2\/media?parent=520"}],"curies":[{"name":"wp","href":"https:\/\/api.w.org\/{rel}","templated":true}]}}